{"id":34,"date":"2022-08-23T11:00:01","date_gmt":"2022-08-23T09:00:01","guid":{"rendered":"https:\/\/lachaussettedebrasparts.fr\/?page_id=34"},"modified":"2022-08-23T14:00:56","modified_gmt":"2022-08-23T12:00:56","slug":"conditions-generales-de-vente","status":"publish","type":"page","link":"https:\/\/lachaussettedebrasparts.fr\/?page_id=34","title":{"rendered":"Conditions G\u00e9n\u00e9rales de Vente"},"content":{"rendered":"\n<h2 class=\"wp-block-heading\">La Chaussette de Brasparts<\/h2>\n\n\n\n<p>RCS 799 900 907 Quimper<\/p>\n\n\n\n<p>Derni\u00e8re mise \u00e0 jour le 15\/05\/2022<\/p>\n\n\n\n<h2 class=\"wp-block-heading\">Paiement<\/h2>\n\n\n\n<p>Le paiement s\u2019effectue en totalit\u00e9 avant l\u2019envoi de la commande, par carte bancaire ou PayPal.<\/p>\n\n\n\n<h2 class=\"wp-block-heading\">Livraison<\/h2>\n\n\n\n<p>Le d\u00e9lai de livraison, de deux \u00e0 quatre jours ouvr\u00e9s, prend effet \u00e0 compter de la r\u00e9ception du paiement de la commande et couvre les d\u00e9lais de traitement et d&rsquo;acheminement. Les commandes sont envoy\u00e9es  par La Poste en Lettre Suivie ou Colissimo. Lorsque le colis est remis \u00e0 La Poste l&rsquo;acheteur re\u00e7oit un E-mail de suivi l&rsquo;informant de l&rsquo;\u00e9tat d&rsquo;acheminement du colis.  Nous ne pouvons \u00eatre tenus responsable d&rsquo;un retard incombant au transporteur.<\/p>\n\n\n\n<h2 class=\"wp-block-heading\">Remise en main propre<\/h2>\n\n\n\n<p>La remise en main propre, sans frais, est possible au Grand  march\u00e9 de Quimper le samedi matin. <\/p>\n\n\n\n<h2 class=\"wp-block-heading\">Conformit\u00e9 des produits<\/h2>\n\n\n\n<p>Chaque paire de chaussettes  est unique et est prise en photo pour sa mise en vente sur le site. Cependant  les couleurs vues sur \u00e9cran peuvent l\u00e9g\u00e8rement diff\u00e9rer des couleurs r\u00e9elles.<\/p>\n\n\n\n<h2 class=\"wp-block-heading\">Droit de r\u00e9tractation<\/h2>\n\n\n\n<p>L\u2019acheteur en ligne dispose d\u2019un d\u00e9lai l\u00e9gal de quatorze jours \u00e0 compter de la r\u00e9ception du produit pour exercer son droit de r\u00e9tractation et \u00eatre rembours\u00e9 du prix d&rsquo;achat du produit \u00e0 l\u2019exclusion des frais de port. Les produits doivent \u00eatre retourn\u00e9s en port pay\u00e9, ceci apr\u00e8s que l&rsquo;acheteur ai pris contact avec nous pour exprimer sa volont\u00e9 de r\u00e9tractation. Les produits retourn\u00e9s ne doivent pas avoir \u00e9t\u00e9 port\u00e9s, retourn\u00e9s incomplets, endommag\u00e9s ou salis. Si tel est le cas ils ne seront pas remboursables.<\/p>\n\n\n\n<h2 class=\"wp-block-heading\">Propri\u00e9t\u00e9 intellectuelle<\/h2>\n\n\n\n<p>Tout le contenu du site est prot\u00e9g\u00e9 par le droit d\u2019auteur. Toute reproduction totale ou partielle sans notre autorisation \u00e9crite constitue une contrefa\u00e7on sanctionn\u00e9e par le code de la propri\u00e9t\u00e9 intellectuelle.<\/p>\n\n\n\n<h2 class=\"wp-block-heading\">Informatique et libert\u00e9s<\/h2>\n\n\n\n<p>Les informations personnelles recueillies sur notre site ont pour objectif la gestion des commandes. Elles ne peuvent \u00eatre transmises \u00e0 un tiers. En conformit\u00e9 avec la loi n\u00b0787-17 du 16 juin 1978 (CNIL), vous pouvez par simple courrier ou E-mail faire valoir vos droits d\u2019acc\u00e8s, de rectification et d\u2019opposition sur vos donn\u00e9es personnelles contenues dans nos fichiers informatiques.<\/p>\n","protected":false},"excerpt":{"rendered":"<p>La Chaussette de Brasparts RCS 799 900 907 Quimper Derni\u00e8re mise \u00e0 jour le 15\/05\/2022 Paiement Le paiement s\u2019effectue en totalit\u00e9 avant l\u2019envoi de la commande, par carte bancaire ou PayPal. Livraison Le d\u00e9lai de livraison, de deux \u00e0 quatre jours ouvr\u00e9s, prend effet \u00e0 compter de la r\u00e9ception du paiement de la commande et [&hellip;]<\/p>\n","protected":false},"author":1,"featured_media":0,"parent":0,"menu_order":0,"comment_status":"closed","ping_status":"closed","template":"","meta":{"footnotes":""},"class_list":["post-34","page","type-page","status-publish","hentry"],"_links":{"self":[{"href":"https:\/\/lachaussettedebrasparts.fr\/index.php?rest_route=\/wp\/v2\/pages\/34","targetHints":{"allow":["GET"]}}],"collection":[{"href":"https:\/\/lachaussettedebrasparts.fr\/index.php?rest_route=\/wp\/v2\/pages"}],"about":[{"href":"https:\/\/lachaussettedebrasparts.fr\/index.php?rest_route=\/wp\/v2\/types\/page"}],"author":[{"embeddable":true,"href":"https:\/\/lachaussettedebrasparts.fr\/index.php?rest_route=\/wp\/v2\/users\/1"}],"replies":[{"embeddable":true,"href":"https:\/\/lachaussettedebrasparts.fr\/index.php?rest_route=%2Fwp%2Fv2%2Fcomments&post=34"}],"version-history":[{"count":2,"href":"https:\/\/lachaussettedebrasparts.fr\/index.php?rest_route=\/wp\/v2\/pages\/34\/revisions"}],"predecessor-version":[{"id":52,"href":"https:\/\/lachaussettedebrasparts.fr\/index.php?rest_route=\/wp\/v2\/pages\/34\/revisions\/52"}],"wp:attachment":[{"href":"https:\/\/lachaussettedebrasparts.fr\/index.php?rest_route=%2Fwp%2Fv2%2Fmedia&parent=34"}],"curies":[{"name":"wp","href":"https:\/\/api.w.org\/{rel}","templated":true}]}}